{"id":1416,"date":"2016-08-01T22:21:00","date_gmt":"2016-08-01T19:21:00","guid":{"rendered":"http:\/\/www.resand.ee\/kaubandus-hooned\/?lang=en"},"modified":"2017-01-09T15:31:56","modified_gmt":"2017-01-09T13:31:56","slug":"commercial-buildings","status":"publish","type":"page","link":"https:\/\/www.resand.ee\/rwp\/commercial-buildings\/","title":{"rendered":"Commercial buildings"},"content":{"rendered":"<div class=\"wpb-content-wrapper\"><p>[vc_row full_width=&#8221;stretch_row_content_no_spaces&#8221; css=&#8221;.vc_custom_1470080670362{padding-top: 100px !important;padding-bottom: 100px !important;background-image: url(https:\/\/www.resand.ee\/rwp\/wp-content\/uploads\/2016\/08\/taust-2.jpg?id=175) !important;background-position: 0 0 !important;background-repeat: repeat !important;}&#8221;][vc_column][vc_custom_heading source=&#8221;post_title&#8221; font_container=&#8221;tag:h2|text_align:center|color:%23ffffff&#8221; use_theme_fonts=&#8221;yes&#8221;][\/vc_column][\/vc_row][vc_row][vc_column width=&#8221;1\/2&#8243;][\/vc_column][vc_column width=&#8221;1\/2&#8243;][vc_btn title=&#8221;Back&#8221; style=&#8221;flat&#8221; shape=&#8221;square&#8221; color=&#8221;danger&#8221; align=&#8221;right&#8221; i_icon_fontawesome=&#8221;fa fa-arrow-left&#8221; link=&#8221;url:http%3A%2F%2Fwww.resand.ee%2F%3Flang%3Den|||&#8221; css=&#8221;.vc_custom_1483966855361{margin-top: -60px !important;margin-right: 17px !important;}&#8221; add_icon=&#8221;true&#8221;][\/vc_column][\/vc_row][vc_row][vc_column css=&#8221;.vc_custom_1470081450224{margin-bottom: -35px !important;}&#8221;][vc_tta_tour style=&#8221;flat&#8221; shape=&#8221;square&#8221; gap=&#8221;1&#8243; active_section=&#8221;1&#8243; no_fill_content_area=&#8221;true&#8221;][vc_tta_section title=&#8221;Viimsi Market&#8221; tab_id=&#8221;1471105607135-2da75356-6495&#8243;][vc_separator][vc_column_text][\/vc_column_text][vc_masonry_media_grid grid_id=&#8221;vc_gid:1483968431479-4f79e31f-14e8-7&#8243; include=&#8221;897,898,899,888,889,890,891,892,893,894,895,896&#8243;][\/vc_tta_section][vc_tta_section title=&#8221;V\u00f5ru Maksimarketi juurdeehitus&#8221; tab_id=&#8221;1&#8243;][vc_separator][vc_column_text][\/vc_column_text][vc_masonry_media_grid grid_id=&#8221;vc_gid:1483968431482-c7ccffdd-bb38-8&#8243; include=&#8221;900,901,902,903,904,905,906,908,907&#8243;][\/vc_tta_section][vc_tta_section title=&#8221;Rakvere P\u00f5hjakeskus&#8221; tab_id=&#8221;1470080790231-52b092b7-1f16ba9c-3419&#8243;][vc_separator][vc_column_text]arhitektuur &#8211; \u00a0Arhitektib\u00fcroo Raivo Puusepp O\u00dc[\/vc_column_text][vc_masonry_media_grid grid_id=&#8221;vc_gid:1483968431483-14b85868-d8e9-2&#8243; include=&#8221;909,910,911,912,913,920,914,915,916,917,918,919&#8243;][\/vc_tta_section][vc_tta_section title=&#8221;PT\u00dc Edu pood&#8221; tab_id=&#8221;1470080897566-a1458635-b4b2ba9c-3419&#8243;][vc_separator][vc_column_text][\/vc_column_text][vc_masonry_media_grid grid_id=&#8221;vc_gid:1483968431483-1d550d71-c101-7&#8243; include=&#8221;921,923,924,926,925,922&#8243;][\/vc_tta_section][vc_tta_section title=&#8221;Korea Auto m\u00fc\u00fcgisalong Tartus&#8221; tab_id=&#8221;1470080896340-7cbfea5c-3e70ba9c-3419&#8243;][vc_separator][vc_column_text]konstruktiivne osa[\/vc_column_text][vc_masonry_media_grid grid_id=&#8221;vc_gid:1483968431485-1070f252-a7b5-0&#8243; include=&#8221;927,928,929,930,931,932,933,934,935&#8243;][\/vc_tta_section][vc_tta_section title=&#8221;L\u00f5unakeskuse j\u00e4\u00e4halli katusekandurid&#8221; tab_id=&#8221;1470080954088-0b6dc520-2440ba9c-3419&#8243;][vc_separator][vc_column_text]liimpuitkonstruktsioonid[\/vc_column_text][vc_masonry_media_grid grid_id=&#8221;vc_gid:1483968431492-afe62fd7-6f98-6&#8243; include=&#8221;936,937,938&#8243;][\/vc_tta_section][vc_tta_section title=&#8221;Selvehall R\u00e4pinas&#8221; tab_id=&#8221;1470080898377-05ee8084-b6a1ba9c-3419&#8243;][vc_separator][vc_column_text][\/vc_column_text][vc_masonry_media_grid grid_id=&#8221;vc_gid:1483968431495-9f586168-6d51-4&#8243; include=&#8221;939,940,941&#8243;][\/vc_tta_section][vc_tta_section title=&#8221;Tartu Decora kauplus&#8221; tab_id=&#8221;1470081011086-c932b2b8-64ddba9c-3419&#8243;][vc_separator][vc_column_text][\/vc_column_text][vc_masonry_media_grid grid_id=&#8221;vc_gid:1483968431497-42bc8b62-6aed-5&#8243; include=&#8221;943,944,945,946,947,942&#8243;][\/vc_tta_section][vc_tta_section title=&#8221;P\u00e4rnu Decora kauplus&#8221; tab_id=&#8221;1470081013023-fca82cbc-5e76ba9c-3419&#8243;][vc_separator][vc_column_text][\/vc_column_text][vc_masonry_media_grid grid_id=&#8221;vc_gid:1483968431497-023ff3f0-2c9b-2&#8243; include=&#8221;948,949,950,951,952,953&#8243;][\/vc_tta_section][vc_tta_section title=&#8221;Citymarket Tartu&#8221; tab_id=&#8221;1470081011984-8b565c39-b7eaba9c-3419&#8243;][vc_separator][vc_column_text]konstruktiivne osa[\/vc_column_text][vc_masonry_media_grid grid_id=&#8221;vc_gid:1483968431498-23ee9518-6299-1&#8243; include=&#8221;1389,1391,1388,1390,1392,1393&#8243;][\/vc_tta_section][\/vc_tta_tour][\/vc_column][\/vc_row][vc_row full_width=&#8221;stretch_row_content&#8221; equal_height=&#8221;yes&#8221; css=&#8221;.vc_custom_1471423425627{margin-top: 50px !important;margin-bottom: 0px !important;padding-right: 10px !important;}&#8221; el_id=&#8221;referentsid&#8221;][vc_column width=&#8221;1\/4&#8243;]<div class=\"zoom_box\"><a href=\"http:\/\/eluhooned\/\"  title=\"\"><div class=\"photo\"><img loading=\"lazy\" decoding=\"async\" class=\"scale-with-grid\" src=\"https:\/\/resand.ee\/rwp\/wp-content\/uploads\/2015\/07\/eluhooned-1.jpg\" alt=\"eluhooned\" width=\"448\" height=\"546\"\/><\/div><div class=\"desc\" ><div class=\"desc_wrap\"><div class=\"desc_img\"><img loading=\"lazy\" decoding=\"async\" class=\"scale-with-grid\" src=\"https:\/\/resand.ee\/rwp\/wp-content\/uploads\/2015\/07\/eluhooned-2.png\" alt=\"eluhooned\" width=\"95\" height=\"95\"\/><\/div><div class=\"desc_txt\">Residential buildings<\/div><\/div><\/div><\/a><\/div>\n[\/vc_column][vc_column width=&#8221;1\/4&#8243;]<div class=\"zoom_box\"><a href=\"http:\/\/kaubandus-hooned\/\"  title=\"\"><div class=\"photo\"><img loading=\"lazy\" decoding=\"async\" class=\"scale-with-grid\" src=\"https:\/\/resand.ee\/rwp\/wp-content\/uploads\/2015\/07\/kaubandushooned.jpg\" alt=\"kaubandushooned\" width=\"448\" height=\"546\"\/><\/div><div class=\"desc\" ><div class=\"desc_wrap\"><div class=\"desc_img\"><img loading=\"lazy\" decoding=\"async\" class=\"scale-with-grid\" src=\"https:\/\/resand.ee\/rwp\/wp-content\/uploads\/2015\/07\/kaubandushooned.png\" alt=\"kaubandushooned\" width=\"95\" height=\"95\"\/><\/div><div class=\"desc_txt\">Commercial buildings<\/div><\/div><\/div><\/a><\/div>\n[\/vc_column][vc_column width=&#8221;1\/4&#8243;]<div class=\"zoom_box\"><a href=\"http:\/\/lao-ja-tootmishooned\/\"  title=\"\"><div class=\"photo\"><img loading=\"lazy\" decoding=\"async\" class=\"scale-with-grid\" src=\"https:\/\/resand.ee\/rwp\/wp-content\/uploads\/2015\/07\/lao-ja-tootmishooned.png\" alt=\"lao-ja-tootmishooned\" width=\"448\" height=\"546\"\/><\/div><div class=\"desc\" ><div class=\"desc_wrap\"><div class=\"desc_img\"><img loading=\"lazy\" decoding=\"async\" class=\"scale-with-grid\" src=\"https:\/\/resand.ee\/rwp\/wp-content\/uploads\/2015\/07\/laod-1.png\" alt=\"laod\" width=\"90\" height=\"90\"\/><\/div><div class=\"desc_txt\">Warehouse and industrial buildings<\/div><\/div><\/div><\/a><\/div>\n[\/vc_column][vc_column width=&#8221;1\/4&#8243; css=&#8221;.vc_custom_1470754156220{margin-top: -35px !important;background-position: 0 0 !important;background-repeat: no-repeat !important;}&#8221;]<div class=\"zoom_box\"><div class=\"photo\"><img loading=\"lazy\" decoding=\"async\" class=\"scale-with-grid\" src=\"https:\/\/resand.ee\/rwp\/wp-content\/uploads\/2016\/08\/refer.png\" alt=\"refer\" width=\"448\" height=\"546\"\/><\/div><div class=\"desc\" style=\"background-color:rgba(0,155,124,0.8);\"><div class=\"desc_wrap\"><\/div><\/div><\/div>\n[\/vc_column][\/vc_row][vc_row full_width=&#8221;stretch_row_content&#8221; css=&#8221;.vc_custom_1470062115869{padding-right: 10px !important;}&#8221;][vc_column width=&#8221;1\/4&#8243;]<div class=\"zoom_box\"><a href=\"http:\/\/spordirajatised\/\"  title=\"\"><div class=\"photo\"><img loading=\"lazy\" decoding=\"async\" class=\"scale-with-grid\" src=\"https:\/\/resand.ee\/rwp\/wp-content\/uploads\/2015\/07\/koolid.jpg\" alt=\"koolid\" width=\"448\" height=\"546\"\/><\/div><div class=\"desc\" ><div class=\"desc_wrap\"><div class=\"desc_img\"><img loading=\"lazy\" decoding=\"async\" class=\"scale-with-grid\" src=\"https:\/\/resand.ee\/rwp\/wp-content\/uploads\/2015\/07\/Spordirajatised.png\" alt=\"Spordirajatised\" width=\"95\" height=\"95\"\/><\/div><div class=\"desc_txt\">Sports facilities <\/div><\/div><\/div><\/a><\/div>\n[\/vc_column][vc_column width=&#8221;1\/4&#8243;]<div class=\"zoom_box\"><a href=\"http:\/\/uhiskondlikud-hooned\/\"  title=\"\"><div class=\"photo\"><img loading=\"lazy\" decoding=\"async\" class=\"scale-with-grid\" src=\"https:\/\/resand.ee\/rwp\/wp-content\/uploads\/2015\/07\/yhiskondlikud-hooned.jpg\" alt=\"yhiskondlikud-hooned\" width=\"448\" height=\"546\"\/><\/div><div class=\"desc\" ><div class=\"desc_wrap\"><div class=\"desc_img\"><img loading=\"lazy\" decoding=\"async\" class=\"scale-with-grid\" src=\"https:\/\/resand.ee\/rwp\/wp-content\/uploads\/2015\/07\/yhiskondlikudl.png\" alt=\"yhiskondlikud hooned\" width=\"95\" height=\"95\"\/><\/div><div class=\"desc_txt\">Civil buildings<\/div><\/div><\/div><\/a><\/div>\n[\/vc_column][vc_column width=&#8221;1\/4&#8243;]<div class=\"zoom_box\"><a href=\"http:\/\/buroohooned\/\"  title=\"\"><div class=\"photo\"><img loading=\"lazy\" decoding=\"async\" class=\"scale-with-grid\" src=\"https:\/\/resand.ee\/rwp\/wp-content\/uploads\/2015\/07\/byroohoond.jpg\" alt=\"byroohoond\" width=\"448\" height=\"546\"\/><\/div><div class=\"desc\" ><div class=\"desc_wrap\"><div class=\"desc_img\"><img loading=\"lazy\" decoding=\"async\" class=\"scale-with-grid\" src=\"https:\/\/resand.ee\/rwp\/wp-content\/uploads\/2015\/07\/b\u00fcroohooned.png\" alt=\"b\u00fcroohooned\" width=\"95\" height=\"95\"\/><\/div><div class=\"desc_txt\">Office buildings<\/div><\/div><\/div><\/a><\/div>\n[\/vc_column][vc_column width=&#8221;1\/4&#8243;]<div class=\"zoom_box\"><a href=\"http:\/\/koolid\/\"  title=\"\"><div class=\"photo\"><img loading=\"lazy\" decoding=\"async\" class=\"scale-with-grid\" src=\"https:\/\/resand.ee\/rwp\/wp-content\/uploads\/2015\/07\/koolid-1.jpg\" alt=\"koolid\" width=\"448\" height=\"546\"\/><\/div><div class=\"desc\" ><div class=\"desc_wrap\"><div class=\"desc_img\"><img loading=\"lazy\" decoding=\"async\" class=\"scale-with-grid\" src=\"https:\/\/resand.ee\/rwp\/wp-content\/uploads\/2015\/07\/koolidl.png\" alt=\"koolid\" width=\"95\" height=\"95\"\/><\/div><div class=\"desc_txt\">School buildings<\/div><\/div><\/div><\/a><\/div>\n[\/vc_column][\/vc_row]<\/p>\n<\/div>","protected":false},"excerpt":{"rendered":"<p>[vc_row full_width=&#8221;stretch_row_content_no_spaces&#8221; css=&#8221;.vc_custom_1470080670362{padding-top: 100px !important;padding-bottom: 100px !important;background-image: url(https:\/\/www.resand.ee\/rwp\/wp-content\/uploads\/2016\/08\/taust-2.jpg?id=175) !important;background-position: 0 0 !important;background-repeat: repeat !important;}&#8221;][vc_column][vc_custom_heading source=&#8221;post_title&#8221; font_container=&#8221;tag:h2|text_align:center|color:%23ffffff&#8221; use_theme_fonts=&#8221;yes&#8221;][\/vc_column][\/vc_row][vc_row][vc_column width=&#8221;1\/2&#8243;][\/vc_column][vc_column width=&#8221;1\/2&#8243;][vc_btn title=&#8221;Back&#8221; style=&#8221;flat&#8221; shape=&#8221;square&#8221; color=&#8221;danger&#8221; align=&#8221;right&#8221; i_icon_fontawesome=&#8221;fa fa-arrow-left&#8221;<span class=\"excerpt-hellip\"> [\u2026]<\/span><\/p>\n","protected":false},"author":1,"featured_media":0,"parent":0,"menu_order":0,"comment_status":"closed","ping_status":"closed","template":"","meta":{"footnotes":""},"class_list":["post-1416","page","type-page","status-publish","hentry"],"aioseo_notices":[],"_links":{"self":[{"href":"https:\/\/www.resand.ee\/rwp\/wp-json\/wp\/v2\/pages\/1416","targetHints":{"allow":["GET"]}}],"collection":[{"href":"https:\/\/www.resand.ee\/rwp\/wp-json\/wp\/v2\/pages"}],"about":[{"href":"https:\/\/www.resand.ee\/rwp\/wp-json\/wp\/v2\/types\/page"}],"author":[{"embeddable":true,"href":"https:\/\/www.resand.ee\/rwp\/wp-json\/wp\/v2\/users\/1"}],"replies":[{"embeddable":true,"href":"https:\/\/www.resand.ee\/rwp\/wp-json\/wp\/v2\/comments?post=1416"}],"version-history":[{"count":2,"href":"https:\/\/www.resand.ee\/rwp\/wp-json\/wp\/v2\/pages\/1416\/revisions"}],"predecessor-version":[{"id":1435,"href":"https:\/\/www.resand.ee\/rwp\/wp-json\/wp\/v2\/pages\/1416\/revisions\/1435"}],"wp:attachment":[{"href":"https:\/\/www.resand.ee\/rwp\/wp-json\/wp\/v2\/media?parent=1416"}],"curies":[{"name":"wp","href":"https:\/\/api.w.org\/{rel}","templated":true}]}}