{"id":203,"date":"2016-08-01T22:20:30","date_gmt":"2016-08-01T19:20:30","guid":{"rendered":"http:\/\/resand.ee.klient.veebimajutus.ee\/?page_id=203"},"modified":"2022-09-16T08:58:47","modified_gmt":"2022-09-16T05:58:47","slug":"koolid","status":"publish","type":"page","link":"https:\/\/www.resand.ee\/rwp\/koolid\/","title":{"rendered":"Koolid"},"content":{"rendered":"<div class=\"wpb-content-wrapper\"><p>[vc_row full_width=&#8221;stretch_row_content_no_spaces&#8221; css=&#8221;.vc_custom_1470080670362{padding-top: 100px !important;padding-bottom: 100px !important;background-image: url(https:\/\/www.resand.ee\/rwp\/wp-content\/uploads\/2016\/08\/taust-2.jpg?id=175) !important;background-position: 0 0 !important;background-repeat: repeat !important;}&#8221;][vc_column][vc_custom_heading source=&#8221;post_title&#8221; font_container=&#8221;tag:h2|text_align:center|color:%23ffffff&#8221; use_theme_fonts=&#8221;yes&#8221;][\/vc_column][\/vc_row][vc_row][vc_column width=&#8221;1\/2&#8243;][\/vc_column][vc_column width=&#8221;1\/2&#8243;][vc_btn title=&#8221;Tagasi avalehele&#8221; style=&#8221;flat&#8221; shape=&#8221;square&#8221; color=&#8221;danger&#8221; align=&#8221;right&#8221; i_icon_fontawesome=&#8221;fa fa-arrow-left&#8221; add_icon=&#8221;true&#8221; link=&#8221;url:http%3A%2F%2Fresand.ee.klient.veebimajutus.ee%2F||&#8221; css=&#8221;.vc_custom_1470654354898{margin-top: -60px !important;margin-right: 17px !important;}&#8221;][\/vc_column][\/vc_row][vc_row][vc_column css=&#8221;.vc_custom_1470081450224{margin-bottom: -35px !important;}&#8221;][vc_tta_tour style=&#8221;flat&#8221; shape=&#8221;square&#8221; gap=&#8221;1&#8243; active_section=&#8221;1&#8243; pagination_style=&#8221;flat-square&#8221; no_fill_content_area=&#8221;true&#8221;][vc_tta_section title=&#8221;Mustj\u00f5e G\u00fcmnaasium&#8221; tab_id=&#8221;1662967585078-0a837e78-f55d&#8221;][vc_masonry_media_grid grid_id=&#8221;vc_gid:1663307840527-4f1560a6-c63d-0&#8243; include=&#8221;2330,2327,2339,2336,2333,2324,2321,2318,2315,2312,2309,2306,2303&#8243;][vc_column_text]Fotod:\u00a0Helis Mahmastol[\/vc_column_text][\/vc_tta_section][vc_tta_section title=&#8221;J\u00e4rvamaa KHK S\u00e4revere peamaja&#8221; tab_id=&#8221;1663306215710-d47b682d-4c48&#8243;][vc_masonry_media_grid grid_id=&#8221;vc_gid:1663307840527-03604579-3dbe-10&#8243; include=&#8221;2489,2486,2492,2495,2513,2501,2507,2525,2510,2519,2504,2516,2522,2498,2528,2531,2534&#8243;][vc_column_text]Fotod:\u00a0Helis Mahmastol[\/vc_column_text][\/vc_tta_section][vc_tta_section title=&#8221;Taebla Kool&#8221; tab_id=&#8221;1662969320470-233badec-b0b0&#8243;][vc_masonry_media_grid grid_id=&#8221;vc_gid:1663307840528-2283086f-117b-3&#8243; include=&#8221;2373,2370,2379,2376,2382,2385,2361,2352,2391,2388,2367,2364,2355,2358,2349&#8243;][vc_column_text]Fotod:\u00a0Helis Mahmastol[\/vc_column_text][\/vc_tta_section][vc_tta_section title=&#8221;V\u00f5hma Kool&#8221; tab_id=&#8221;1663306786221-ffb9efa7-9d88&#8243;][vc_masonry_media_grid grid_id=&#8221;vc_gid:1663307840529-49518cfe-b577-2&#8243; include=&#8221;2571,2565,2562,2559,2556,2553,2550,2568,2538,2544,2541,2547&#8243;][vc_column_text]Fotod:\u00a0Helis Mahmastol[\/vc_column_text][\/vc_tta_section][vc_tta_section title=&#8221;Eesti Muusika- ja Teatriakadeemia&#8221; tab_id=&#8221;1575469504827-9b9ce809-a772&#8243;][vc_column_text]Arhitektuur: AB Ansambel O\u00dc, Sisearhitektuur: Fra Disain O\u00dc[\/vc_column_text][vc_masonry_media_grid grid_id=&#8221;vc_gid:1663307840529-1b755517-a025-8&#8243; include=&#8221;1805,1808,1811,1826,1823,1814,1817,1820,1865,1862,1859,1856,1853,1850,1847,1829,1832,1835,1838,1841,1844&#8243;][vc_column_text]Fotod: Sven Soome[\/vc_column_text][\/vc_tta_section][vc_tta_section title=&#8221;P\u00f5lva Riigig\u00fcmnaasium&#8221; tab_id=&#8221;1481872021107-66c5cb9a-e6bc&#8221;][vc_masonry_media_grid grid_id=&#8221;vc_gid:1663307840530-358395f0-84fe-0&#8243; include=&#8221;1366,1365,1367,1368,1377,1369,1373,1364,1363,1359,1375,1376,1370,1371,1374,1358,1362,1360,1380,1381,1379&#8243;][vc_column_text]Fotod: Sven Soome[\/vc_column_text][\/vc_tta_section][vc_tta_section title=&#8221;P\u00f5lva Kool&#8221; tab_id=&#8221;1570610586321-577447c3-7176&#8243;][vc_masonry_media_grid grid_id=&#8221;vc_gid:1663307840530-5e409fe1-be09-10&#8243; include=&#8221;1638,1641,1644,1647,1650,1653,1656,1659,1662,1665,1668,1671,1674,1677,1680&#8243;][vc_column_text]Fotod: Anett Hallap[\/vc_column_text][\/vc_tta_section][vc_tta_section title=&#8221;Ahtme kool&#8221; tab_id=&#8221;1&#8243;][vc_masonry_media_grid grid_id=&#8221;vc_gid:1663307840531-edb80620-c330-3&#8243; include=&#8221;979,977,983,982,966,976,974,968,969,970,971,972&#8243;][vc_column_text]Fotod: Sven Soome[\/vc_column_text][\/vc_tta_section][vc_tta_section title=&#8221;Mammaste lasteaed-algkool&#8221; tab_id=&#8221;1470081011984-8b565c39-b7ea4b46-3ff1&#8243;][vc_masonry_media_grid grid_id=&#8221;vc_gid:1663307840532-78576647-e8d0-4&#8243; include=&#8221;1102,1103,1104,1084,1085,1086,1087,1088,1090,1092,1094,1096,1098,1100,1101&#8243;][vc_column_text]Fotod: Sven Soome[\/vc_column_text][\/vc_tta_section][vc_tta_section title=&#8221;Puiga lasteaed&#8221; tab_id=&#8221;1470080790231-52b092b7-1f164b46-3ff1&#8243;][vc_masonry_media_grid grid_id=&#8221;vc_gid:1663307840532-af5e2db4-d2bd-5&#8243; include=&#8221;991,993,995,997,998,999&#8243;][vc_column_text]Fotod: Sven Soome[\/vc_column_text][\/vc_tta_section][vc_tta_section title=&#8221;R\u00e4pina Aianduskooli \u00f5ppehoone rekonstrueerimine&#8221; tab_id=&#8221;1470080896340-7cbfea5c-3e704b46-3ff1&#8243;][vc_masonry_media_grid grid_id=&#8221;vc_gid:1663307840533-fb863711-f0c7-10&#8243; include=&#8221;1006,1008,1011,1012,1015,1017,1018,1019,1020&#8243;][vc_column_text]Fotod: Sven Soome[\/vc_column_text][\/vc_tta_section][vc_tta_section title=&#8221;V\u00f5rumaa KHK tehnomaja rekonstrueerimine&#8221; tab_id=&#8221;1470080954088-0b6dc520-24404b46-3ff1&#8243;][vc_masonry_media_grid grid_id=&#8221;vc_gid:1663307840533-f7370726-1b02-6&#8243; include=&#8221;1027,1028,1029,1030,1031,1033,1034,1036,1038&#8243;][vc_column_text]Fotod: Sven Soome[\/vc_column_text][\/vc_tta_section][vc_tta_section title=&#8221;Liivalaia G\u00fcmnaasium&#8221; tab_id=&#8221;1470080956800-d3712c9b-5f1d4b46-3ff1&#8243;][vc_masonry_media_grid grid_id=&#8221;vc_gid:1663307840534-bca3db25-a234-0&#8243; include=&#8221;1246,1247,1248,1249,1250,1251&#8243;][vc_column_text]Fotod: Sven Soome[\/vc_column_text][\/vc_tta_section][vc_tta_section title=&#8221;Tallinna Humanitaarg\u00fcmnaasium&#8221; tab_id=&#8221;1470081011086-c932b2b8-64dd4b46-3ff1&#8243;][vc_masonry_media_grid grid_id=&#8221;vc_gid:1663307840534-28d6eb70-7e06-6&#8243; include=&#8221;1063,1065,1067,1069,1071,1073,1075,1076,1077&#8243;][vc_column_text]Fotod: Sven Soome[\/vc_column_text][\/vc_tta_section][vc_tta_section title=&#8221;N\u00f5mme G\u00fcmnaasium&#8221; tab_id=&#8221;1470081013023-fca82cbc-5e764b46-3ff1&#8243;][vc_masonry_media_grid grid_id=&#8221;vc_gid:1663307840535-3174fcb3-f715-4&#8243; include=&#8221;1110,1112,1113,1115,1117,1118,1120,1121,1123&#8243;][vc_column_text]Fotod: Sven Soome[\/vc_column_text][\/vc_tta_section][vc_tta_section title=&#8221;Tallinna \u00dchisg\u00fcmnaasium&#8221; tab_id=&#8221;1470081068445-880ce1ee-400a4b46-3ff1&#8243;][vc_masonry_media_grid grid_id=&#8221;vc_gid:1663307840535-a1f8526a-47fb-3&#8243; include=&#8221;1125,1126,1128,1129,1130,1131,1132,1133,1134,1135,1136,1137&#8243;][vc_column_text]Fotod: Sven Soome[\/vc_column_text][\/vc_tta_section][vc_tta_section title=&#8221;Tartu Kesklinna Kool&#8221; tab_id=&#8221;1470081069359-1459c592-544a4b46-3ff1&#8243;][vc_column_text]arhitektuur &#8211; Salto AB O\u00dc[\/vc_column_text][vc_masonry_media_grid grid_id=&#8221;vc_gid:1663307840535-225398c2-13f4-10&#8243; include=&#8221;1143,1145,1146,1147,1149,1150,1151,1152,1153,1154,1155,1156&#8243;][vc_column_text]Fotod: Sven Soome[\/vc_column_text][\/vc_tta_section][vc_tta_section title=&#8221;Tartu Kutsehariduskesku&#8221; tab_id=&#8221;1470081070212-e4ec9d72-de3f4b46-3ff1&#8243;][vc_masonry_media_grid grid_id=&#8221;vc_gid:1663307840536-6a50fc12-1582-3&#8243; include=&#8221;1157,1158,1159,1160,1161,1162,1163,1164,1165,1166,1167,1168&#8243;][vc_column_text]Fotod: Sven Soome[\/vc_column_text][\/vc_tta_section][vc_tta_section title=&#8221;Tartu K\u00f5rgema Kunstikooli laiendus&#8221; tab_id=&#8221;1470082394186-1307505b-e692&#8243;][vc_column_text]arhitektuur &#8211; \u00a0Arhitektuurib\u00fcroo K\u00fcnnapu &amp; Padrik O\u00dc[\/vc_column_text][vc_masonry_media_grid grid_id=&#8221;vc_gid:1663307840536-ab594ef4-ccff-7&#8243; include=&#8221;1178,1179,1180,1169,1170,1171,1172,1173,1174,1175,1176,1177&#8243;][vc_column_text]Fotod: Sven Soome[\/vc_column_text][\/vc_tta_section][vc_tta_section title=&#8221;Kaitsekolled\u017e&#8221; tab_id=&#8221;1470082441430-d344ad94-4737&#8243;][vc_masonry_media_grid grid_id=&#8221;vc_gid:1663307840537-c86b8443-73ec-9&#8243; include=&#8221;1189,1190,1191,1181,1182,1183,1184,1185,1186,1187,1188,1192&#8243;][vc_column_text]Fotod: Sven Soome[\/vc_column_text][\/vc_tta_section][\/vc_tta_tour][\/vc_column][\/vc_row][vc_row full_width=&#8221;stretch_row_content&#8221; equal_height=&#8221;yes&#8221; css=&#8221;.vc_custom_1471423475505{margin-top: 50px !important;margin-bottom: 0px !important;padding-right: 10px !important;}&#8221; el_id=&#8221;referentsid&#8221;][vc_column width=&#8221;1\/4&#8243;]<div class=\"zoom_box\"><a href=\"http:\/\/eluhooned\/\"  title=\"\"><div class=\"photo\"><img loading=\"lazy\" decoding=\"async\" class=\"scale-with-grid\" src=\"https:\/\/www.resand.ee\/rwp\/wp-content\/uploads\/2015\/07\/eluhooned-1.jpg\" alt=\"eluhooned\" width=\"448\" height=\"546\"\/><\/div><div class=\"desc\" ><div class=\"desc_wrap\"><div class=\"desc_img\"><img loading=\"lazy\" decoding=\"async\" class=\"scale-with-grid\" src=\"https:\/\/www.resand.ee\/rwp\/wp-content\/uploads\/2015\/07\/eluhooned-2.png\" alt=\"eluhooned\" width=\"95\" height=\"95\"\/><\/div><div class=\"desc_txt\">Eluhooned<\/div><\/div><\/div><\/a><\/div>\n[\/vc_column][vc_column width=&#8221;1\/4&#8243;]<div class=\"zoom_box\"><a href=\"http:\/\/kaubandus-hooned\/\"  title=\"\"><div class=\"photo\"><img loading=\"lazy\" decoding=\"async\" class=\"scale-with-grid\" src=\"https:\/\/www.resand.ee\/rwp\/wp-content\/uploads\/2015\/07\/kaubandushooned.jpg\" alt=\"kaubandushooned\" width=\"448\" height=\"546\"\/><\/div><div class=\"desc\" ><div class=\"desc_wrap\"><div class=\"desc_img\"><img loading=\"lazy\" decoding=\"async\" class=\"scale-with-grid\" src=\"https:\/\/www.resand.ee\/rwp\/wp-content\/uploads\/2015\/07\/kaubandushooned.png\" alt=\"kaubandushooned\" width=\"95\" height=\"95\"\/><\/div><div class=\"desc_txt\">Kaubandushooned<\/div><\/div><\/div><\/a><\/div>\n[\/vc_column][vc_column width=&#8221;1\/4&#8243;]<div class=\"zoom_box\"><a href=\"http:\/\/lao-ja-tootmishooned\/\"  title=\"\"><div class=\"photo\"><img loading=\"lazy\" decoding=\"async\" class=\"scale-with-grid\" src=\"https:\/\/www.resand.ee\/rwp\/wp-content\/uploads\/2015\/07\/lao-ja-tootmishooned.png\" alt=\"lao-ja-tootmishooned\" width=\"448\" height=\"546\"\/><\/div><div class=\"desc\" ><div class=\"desc_wrap\"><div class=\"desc_img\"><img loading=\"lazy\" decoding=\"async\" class=\"scale-with-grid\" src=\"https:\/\/www.resand.ee\/rwp\/wp-content\/uploads\/2015\/07\/laod-1.png\" alt=\"laod\" width=\"90\" height=\"90\"\/><\/div><div class=\"desc_txt\">Lao- ja tootmishooned<\/div><\/div><\/div><\/a><\/div>\n[\/vc_column][vc_column width=&#8221;1\/4&#8243; css=&#8221;.vc_custom_1470754156220{margin-top: -35px !important;background-position: 0 0 !important;background-repeat: no-repeat !important;}&#8221;]<div class=\"zoom_box\"><div class=\"photo\"><img loading=\"lazy\" decoding=\"async\" class=\"scale-with-grid\" src=\"https:\/\/www.resand.ee\/rwp\/wp-content\/uploads\/2016\/08\/refer.png\" alt=\"refer\" width=\"448\" height=\"546\"\/><\/div><div class=\"desc\" style=\"background-color:rgba(0,155,124,0.8);\"><div class=\"desc_wrap\"><\/div><\/div><\/div>\n[\/vc_column][\/vc_row][vc_row full_width=&#8221;stretch_row_content&#8221; css=&#8221;.vc_custom_1470062115869{padding-right: 10px !important;}&#8221;][vc_column width=&#8221;1\/4&#8243;]<div class=\"zoom_box\"><a href=\"http:\/\/spordirajatised\/\"  title=\"\"><div class=\"photo\"><img loading=\"lazy\" decoding=\"async\" class=\"scale-with-grid\" src=\"https:\/\/www.resand.ee\/rwp\/wp-content\/uploads\/2015\/07\/koolid.jpg\" alt=\"koolid\" width=\"448\" height=\"546\"\/><\/div><div class=\"desc\" ><div class=\"desc_wrap\"><div class=\"desc_img\"><img loading=\"lazy\" decoding=\"async\" class=\"scale-with-grid\" src=\"https:\/\/www.resand.ee\/rwp\/wp-content\/uploads\/2015\/07\/Spordirajatised.png\" alt=\"Spordirajatised\" width=\"95\" height=\"95\"\/><\/div><div class=\"desc_txt\">Spordirajatised<\/div><\/div><\/div><\/a><\/div>\n[\/vc_column][vc_column width=&#8221;1\/4&#8243;]<div class=\"zoom_box\"><a href=\"http:\/\/uhiskondlikud-hooned\/\"  title=\"\"><div class=\"photo\"><img loading=\"lazy\" decoding=\"async\" class=\"scale-with-grid\" src=\"https:\/\/www.resand.ee\/rwp\/wp-content\/uploads\/2015\/07\/yhiskondlikud-hooned.jpg\" alt=\"yhiskondlikud-hooned\" width=\"448\" height=\"546\"\/><\/div><div class=\"desc\" ><div class=\"desc_wrap\"><div class=\"desc_img\"><img loading=\"lazy\" decoding=\"async\" class=\"scale-with-grid\" src=\"https:\/\/www.resand.ee\/rwp\/wp-content\/uploads\/2015\/07\/yhiskondlikudl.png\" alt=\"yhiskondlikud hooned\" width=\"95\" height=\"95\"\/><\/div><div class=\"desc_txt\">\u00dchiskondlikud hooned<\/div><\/div><\/div><\/a><\/div>\n[\/vc_column][vc_column width=&#8221;1\/4&#8243;]<div class=\"zoom_box\"><a href=\"http:\/\/buroohooned\/\"  title=\"\"><div class=\"photo\"><img loading=\"lazy\" decoding=\"async\" class=\"scale-with-grid\" src=\"https:\/\/www.resand.ee\/rwp\/wp-content\/uploads\/2015\/07\/byroohoond.jpg\" alt=\"byroohoond\" width=\"448\" height=\"546\"\/><\/div><div class=\"desc\" ><div class=\"desc_wrap\"><div class=\"desc_img\"><img loading=\"lazy\" decoding=\"async\" class=\"scale-with-grid\" src=\"https:\/\/www.resand.ee\/rwp\/wp-content\/uploads\/2015\/07\/b\u00fcroohooned.png\" alt=\"b\u00fcroohooned\" width=\"95\" height=\"95\"\/><\/div><div class=\"desc_txt\">B\u00fcroohooned<\/div><\/div><\/div><\/a><\/div>\n[\/vc_column][vc_column width=&#8221;1\/4&#8243;]<div class=\"zoom_box\"><a href=\"http:\/\/koolid\/\"  title=\"\"><div class=\"photo\"><img loading=\"lazy\" decoding=\"async\" class=\"scale-with-grid\" src=\"https:\/\/www.resand.ee\/rwp\/wp-content\/uploads\/2015\/07\/koolid-1.jpg\" alt=\"koolid\" width=\"448\" height=\"546\"\/><\/div><div class=\"desc\" ><div class=\"desc_wrap\"><div class=\"desc_img\"><img loading=\"lazy\" decoding=\"async\" class=\"scale-with-grid\" src=\"https:\/\/www.resand.ee\/rwp\/wp-content\/uploads\/2015\/07\/koolidl.png\" alt=\"koolid\" width=\"95\" height=\"95\"\/><\/div><div class=\"desc_txt\">Koolid<\/div><\/div><\/div><\/a><\/div>\n[\/vc_column][\/vc_row]<\/p>\n<\/div>","protected":false},"excerpt":{"rendered":"<p>[vc_row full_width=&#8221;stretch_row_content_no_spaces&#8221; css=&#8221;.vc_custom_1470080670362{padding-top: 100px !important;padding-bottom: 100px !important;background-image: url(https:\/\/www.resand.ee\/rwp\/wp-content\/uploads\/2016\/08\/taust-2.jpg?id=175) !important;background-position: 0 0 !important;background-repeat: repeat !important;}&#8221;][vc_column][vc_custom_heading source=&#8221;post_title&#8221; font_container=&#8221;tag:h2|text_align:center|color:%23ffffff&#8221; use_theme_fonts=&#8221;yes&#8221;][\/vc_column][\/vc_row][vc_row][vc_column width=&#8221;1\/2&#8243;][\/vc_column][vc_column width=&#8221;1\/2&#8243;][vc_btn title=&#8221;Tagasi avalehele&#8221; style=&#8221;flat&#8221; shape=&#8221;square&#8221; color=&#8221;danger&#8221; align=&#8221;right&#8221; i_icon_fontawesome=&#8221;fa<span class=\"excerpt-hellip\"> [\u2026]<\/span><\/p>\n","protected":false},"author":1,"featured_media":0,"parent":0,"menu_order":0,"comment_status":"closed","ping_status":"closed","template":"","meta":{"footnotes":""},"class_list":["post-203","page","type-page","status-publish","hentry"],"aioseo_notices":[],"_links":{"self":[{"href":"https:\/\/www.resand.ee\/rwp\/wp-json\/wp\/v2\/pages\/203","targetHints":{"allow":["GET"]}}],"collection":[{"href":"https:\/\/www.resand.ee\/rwp\/wp-json\/wp\/v2\/pages"}],"about":[{"href":"https:\/\/www.resand.ee\/rwp\/wp-json\/wp\/v2\/types\/page"}],"author":[{"embeddable":true,"href":"https:\/\/www.resand.ee\/rwp\/wp-json\/wp\/v2\/users\/1"}],"replies":[{"embeddable":true,"href":"https:\/\/www.resand.ee\/rwp\/wp-json\/wp\/v2\/comments?post=203"}],"version-history":[{"count":5,"href":"https:\/\/www.resand.ee\/rwp\/wp-json\/wp\/v2\/pages\/203\/revisions"}],"predecessor-version":[{"id":2608,"href":"https:\/\/www.resand.ee\/rwp\/wp-json\/wp\/v2\/pages\/203\/revisions\/2608"}],"wp:attachment":[{"href":"https:\/\/www.resand.ee\/rwp\/wp-json\/wp\/v2\/media?parent=203"}],"curies":[{"name":"wp","href":"https:\/\/api.w.org\/{rel}","templated":true}]}}