{"id":209,"date":"2016-08-01T22:21:31","date_gmt":"2016-08-01T19:21:31","guid":{"rendered":"http:\/\/resand.ee.klient.veebimajutus.ee\/?page_id=209"},"modified":"2018-01-10T16:42:54","modified_gmt":"2018-01-10T14:42:54","slug":"lao-ja-tootmishooned","status":"publish","type":"page","link":"https:\/\/www.resand.ee\/rwp\/lao-ja-tootmishooned\/","title":{"rendered":"Lao- ja tootmishooned"},"content":{"rendered":"<div class=\"wpb-content-wrapper\"><p>[vc_row full_width=&#8221;stretch_row_content_no_spaces&#8221; css=&#8221;.vc_custom_1470654564539{padding-top: 100px !important;padding-bottom: 100px !important;background-image: url(https:\/\/www.resand.ee\/rwp\/wp-content\/uploads\/2016\/08\/taust-2.jpg?id=175) !important;background-position: 0 0 !important;background-repeat: repeat !important;}&#8221;][vc_column][vc_custom_heading source=&#8221;post_title&#8221; font_container=&#8221;tag:h2|text_align:center|color:%23ffffff&#8221; use_theme_fonts=&#8221;yes&#8221;][\/vc_column][\/vc_row][vc_row][vc_column width=&#8221;1\/2&#8243;][\/vc_column][vc_column width=&#8221;1\/2&#8243;][vc_btn title=&#8221;Tagasi avalehele&#8221; style=&#8221;flat&#8221; shape=&#8221;square&#8221; color=&#8221;danger&#8221; align=&#8221;right&#8221; i_icon_fontawesome=&#8221;fa fa-arrow-left&#8221; link=&#8221;url:http%3A%2F%2Fresand.ee.klient.veebimajutus.ee%2F||&#8221; css=&#8221;.vc_custom_1470654354898{margin-top: -60px !important;margin-right: 17px !important;}&#8221; add_icon=&#8221;true&#8221;][\/vc_column][\/vc_row][vc_row][vc_column css=&#8221;.vc_custom_1470081450224{margin-bottom: -35px !important;}&#8221;][vc_tta_tour style=&#8221;flat&#8221; shape=&#8221;square&#8221; gap=&#8221;1&#8243; active_section=&#8221;1&#8243; no_fill_content_area=&#8221;true&#8221;][vc_tta_section title=&#8221;DPD terminal&#8221; tab_id=&#8221;1&#8243;][vc_column_text]konstruktiivne osa[\/vc_column_text][vc_masonry_media_grid initial_loading_animation=&#8221;none&#8221; grid_id=&#8221;vc_gid:1515595145128-7ae1f69f-3ea8-6&#8243; include=&#8221;651,652,653,654,655,656,657,658,659&#8243;][vc_column_text]Fotod: Sven Soome[\/vc_column_text][\/vc_tta_section][vc_tta_section title=&#8221;DPD lao- ja b\u00fcroohoone laiendus &#8221; tab_id=&#8221;1470641100912-2a8f5a32-21f9&#8243;][vc_masonry_media_grid initial_loading_animation=&#8221;default&#8221; grid_id=&#8221;vc_gid:1515595145131-12e4e78b-c4d1-8&#8243; include=&#8221;660,661,662,663,664,665,666,667,668&#8243;][vc_column_text]Fotod: Sven Soome[\/vc_column_text][\/vc_tta_section][vc_tta_section title=&#8221;Lennukite v\u00e4rvimisangaar Tallinna Lennujaamas&#8221; tab_id=&#8221;1515569458032-3048f386-caac&#8221;][vc_masonry_media_grid grid_id=&#8221;vc_gid:1515595145132-78f82597-f614-5&#8243; include=&#8221;1505,1506,1507,1508,1509,1510&#8243;][vc_column_text]Fotod: Sven Soome[\/vc_column_text][\/vc_tta_section][vc_tta_section title=&#8221;Karlskroona lao-ja kontorihoone juurdeehitus&#8221; tab_id=&#8221;1470080790231-52b092b7-1f16db45-f5cd&#8221;][vc_column_text]konstruktiivne osa[\/vc_column_text][vc_masonry_media_grid grid_id=&#8221;vc_gid:1515595145135-1e273415-619a-4&#8243; include=&#8221;669,670,671,672,673,674&#8243;][vc_column_text]Fotod: Sven Soome[\/vc_column_text][\/vc_tta_section][vc_tta_section title=&#8221;Panaviatic lennukiangaar &#8221; tab_id=&#8221;1470081013023-fca82cbc-5e76db45-f5cd&#8221;][vc_masonry_media_grid grid_id=&#8221;vc_gid:1515595145136-5e0344f6-e4b5-1&#8243; include=&#8221;739,740,741,742,743,744,745,746,747,748,749,750&#8243;][vc_column_text]Fotod: Sven Soome[\/vc_column_text][\/vc_tta_section][vc_tta_section title=&#8221;EstPak Plastik tootmishoone &#8221; tab_id=&#8221;1470081068445-880ce1ee-400adb45-f5cd&#8221;][vc_column_text]arhitektuur &#8211; Exit Arhitektid O\u00dc[\/vc_column_text][vc_masonry_media_grid grid_id=&#8221;vc_gid:1515595145138-82d0a55d-2f29-8&#8243; include=&#8221;764,765,755,756,751,752,753,754,757,758,759,760,761,762,763&#8243;][vc_column_text]Fotod: Sven Soome[\/vc_column_text][\/vc_tta_section][vc_tta_section title=&#8221;Arcwood&#8221; tab_id=&#8221;1477979394924-d684a8c2-325f&#8221;][vc_column_text]konstruktiivne osa[\/vc_column_text][vc_masonry_media_grid grid_id=&#8221;vc_gid:1515595145140-8174b59b-dee2-10&#8243; include=&#8221;1341,1342,1343,1344,1345,1346,1349,1350,1351&#8243;][\/vc_tta_section][vc_tta_section title=&#8221;Kalevi tehas&#8221; tab_id=&#8221;1470081069359-1459c592-544adb45-f5cd&#8221;][vc_masonry_media_grid grid_id=&#8221;vc_gid:1515595145141-f8660f3e-b561-10&#8243; include=&#8221;732,731,729,730,722,723,724,725,726,727,721,728&#8243;][vc_column_text]Fotod: Sven Soome[\/vc_column_text][\/vc_tta_section][vc_tta_section title=&#8221;P\u00f5lva J\u00e4\u00e4tmejaam&#8221; tab_id=&#8221;1470080897566-a1458635-b4b2db45-f5cd&#8221;][vc_column_text]Fotod: Sven Soome[\/vc_column_text][vc_masonry_media_grid grid_id=&#8221;vc_gid:1515595145142-edc2b9db-5462-4&#8243; include=&#8221;681,682,683,684,685,686&#8243;][\/vc_tta_section][vc_tta_section title=&#8221;Rae logistika terminalladu&#8221; tab_id=&#8221;1470080898377-05ee8084-b6a1db45-f5cd&#8221;][vc_column_text]konstruktiivne osa[\/vc_column_text][vc_masonry_media_grid grid_id=&#8221;vc_gid:1515595145143-5acb8994-302d-2&#8243; include=&#8221;693,694,695,687,688,689,690,691,692&#8243;][vc_column_text]Fotod: Sven Soome[\/vc_column_text][\/vc_tta_section][vc_tta_section title=&#8221;TLN Lennujaam, CargoIV ladu&#8221; tab_id=&#8221;1470080954088-0b6dc520-2440db45-f5cd&#8221;][vc_masonry_media_grid grid_id=&#8221;vc_gid:1515595145144-99a0f3c2-585d-10&#8243; include=&#8221;696,697,698,699,700,701&#8243;][vc_column_text]Fotod: Sven Soome[\/vc_column_text][\/vc_tta_section][vc_tta_section title=&#8221;K\u00fclmhoone&#8221; tab_id=&#8221;1470080954993-89407b8c-7211db45-f5cd&#8221;][vc_masonry_media_grid grid_id=&#8221;vc_gid:1515595145145-b672c56e-5ce4-2&#8243; include=&#8221;707,706,703,702,704,705&#8243;][vc_column_text]Fotod: Sven Soome[\/vc_column_text][\/vc_tta_section][vc_tta_section title=&#8221;Palmako tootmishoone&#8221; tab_id=&#8221;1470080956800-d3712c9b-5f1ddb45-f5cd&#8221;][vc_column_text]liimpuitkonstruktsioonid[\/vc_column_text][vc_masonry_media_grid grid_id=&#8221;vc_gid:1515595145146-cf554d34-d9c3-10&#8243; include=&#8221;708,709,710,711,712,713&#8243;][vc_column_text]Fotod: Sven Soome[\/vc_column_text][\/vc_tta_section][vc_tta_section title=&#8221;Onnineni laohoone&#8221; tab_id=&#8221;1470081011086-c932b2b8-64dddb45-f5cd&#8221;][vc_separator][vc_column_text][\/vc_column_text][vc_masonry_media_grid grid_id=&#8221;vc_gid:1515595145147-d424ff49-47bc-9&#8243; include=&#8221;720,719,715,716,717,718&#8243;][\/vc_tta_section][vc_tta_section title=&#8221;Aarna laut&#8221; tab_id=&#8221;1470081070212-e4ec9d72-de3fdb45-f5cd&#8221;][vc_separator][vc_column_text][\/vc_column_text][vc_masonry_media_grid grid_id=&#8221;vc_gid:1515595145148-18c60c5e-2b73-1&#8243; include=&#8221;733,734,735,736,737,738&#8243;][\/vc_tta_section][vc_tta_section title=&#8221;Valio Eesti lao ja olmekorpuse juurdeehitus&#8221; tab_id=&#8221;1470080896340-7cbfea5c-3e70db45-f5cd&#8221;][vc_separator][vc_column_text][\/vc_column_text][vc_masonry_media_grid grid_id=&#8221;vc_gid:1515595145149-578e22f2-e2bb-4&#8243; include=&#8221;675,676,677,678,679,680&#8243;][\/vc_tta_section][\/vc_tta_tour][\/vc_column][\/vc_row][vc_row full_width=&#8221;stretch_row_content&#8221; equal_height=&#8221;yes&#8221; css=&#8221;.vc_custom_1471423642896{margin-top: 50px !important;margin-bottom: 0px !important;padding-right: 10px !important;}&#8221; el_id=&#8221;referentsid&#8221;][vc_column width=&#8221;1\/4&#8243;]<div class=\"zoom_box\"><a href=\"http:\/\/eluhooned\/\"  title=\"\"><div class=\"photo\"><img loading=\"lazy\" decoding=\"async\" class=\"scale-with-grid\" src=\"https:\/\/www.resand.ee\/rwp\/wp-content\/uploads\/2015\/07\/eluhooned-1.jpg\" alt=\"eluhooned\" width=\"448\" height=\"546\"\/><\/div><div class=\"desc\" ><div class=\"desc_wrap\"><div class=\"desc_img\"><img loading=\"lazy\" decoding=\"async\" class=\"scale-with-grid\" src=\"https:\/\/www.resand.ee\/rwp\/wp-content\/uploads\/2015\/07\/eluhooned-2.png\" alt=\"eluhooned\" width=\"95\" height=\"95\"\/><\/div><div class=\"desc_txt\">Eluhooned<\/div><\/div><\/div><\/a><\/div>\n[\/vc_column][vc_column width=&#8221;1\/4&#8243;]<div class=\"zoom_box\"><a href=\"http:\/\/kaubandus-hooned\/\"  title=\"\"><div class=\"photo\"><img loading=\"lazy\" decoding=\"async\" class=\"scale-with-grid\" src=\"https:\/\/www.resand.ee\/rwp\/wp-content\/uploads\/2015\/07\/kaubandushooned.jpg\" alt=\"kaubandushooned\" width=\"448\" height=\"546\"\/><\/div><div class=\"desc\" ><div class=\"desc_wrap\"><div class=\"desc_img\"><img loading=\"lazy\" decoding=\"async\" class=\"scale-with-grid\" src=\"https:\/\/www.resand.ee\/rwp\/wp-content\/uploads\/2015\/07\/kaubandushooned.png\" alt=\"kaubandushooned\" width=\"95\" height=\"95\"\/><\/div><div class=\"desc_txt\">Kaubandushooned<\/div><\/div><\/div><\/a><\/div>\n[\/vc_column][vc_column width=&#8221;1\/4&#8243;]<div class=\"zoom_box\"><a href=\"http:\/\/lao-ja-tootmishooned\/\"  title=\"\"><div class=\"photo\"><img loading=\"lazy\" decoding=\"async\" class=\"scale-with-grid\" src=\"https:\/\/www.resand.ee\/rwp\/wp-content\/uploads\/2015\/07\/lao-ja-tootmishooned.png\" alt=\"lao-ja-tootmishooned\" width=\"448\" height=\"546\"\/><\/div><div class=\"desc\" ><div class=\"desc_wrap\"><div class=\"desc_img\"><img loading=\"lazy\" decoding=\"async\" class=\"scale-with-grid\" src=\"https:\/\/www.resand.ee\/rwp\/wp-content\/uploads\/2015\/07\/laod-1.png\" alt=\"laod\" width=\"90\" height=\"90\"\/><\/div><div class=\"desc_txt\">Lao- ja tootmishooned<\/div><\/div><\/div><\/a><\/div>\n[\/vc_column][vc_column width=&#8221;1\/4&#8243; css=&#8221;.vc_custom_1470754156220{margin-top: -35px !important;background-position: 0 0 !important;background-repeat: no-repeat !important;}&#8221;]<div class=\"zoom_box\"><div class=\"photo\"><img loading=\"lazy\" decoding=\"async\" class=\"scale-with-grid\" src=\"https:\/\/www.resand.ee\/rwp\/wp-content\/uploads\/2016\/08\/refer.png\" alt=\"refer\" width=\"448\" height=\"546\"\/><\/div><div class=\"desc\" style=\"background-color:rgba(0,155,124,0.8);\"><div class=\"desc_wrap\"><\/div><\/div><\/div>\n[\/vc_column][\/vc_row][vc_row full_width=&#8221;stretch_row_content&#8221; css=&#8221;.vc_custom_1470062115869{padding-right: 10px !important;}&#8221;][vc_column width=&#8221;1\/4&#8243;]<div class=\"zoom_box\"><a href=\"http:\/\/spordirajatised\/\"  title=\"\"><div class=\"photo\"><img loading=\"lazy\" decoding=\"async\" class=\"scale-with-grid\" src=\"https:\/\/www.resand.ee\/rwp\/wp-content\/uploads\/2015\/07\/koolid.jpg\" alt=\"koolid\" width=\"448\" height=\"546\"\/><\/div><div class=\"desc\" ><div class=\"desc_wrap\"><div class=\"desc_img\"><img loading=\"lazy\" decoding=\"async\" class=\"scale-with-grid\" src=\"https:\/\/www.resand.ee\/rwp\/wp-content\/uploads\/2015\/07\/Spordirajatised.png\" alt=\"Spordirajatised\" width=\"95\" height=\"95\"\/><\/div><div class=\"desc_txt\">Spordirajatised<\/div><\/div><\/div><\/a><\/div>\n[\/vc_column][vc_column width=&#8221;1\/4&#8243;]<div class=\"zoom_box\"><a href=\"http:\/\/uhiskondlikud-hooned\/\"  title=\"\"><div class=\"photo\"><img loading=\"lazy\" decoding=\"async\" class=\"scale-with-grid\" src=\"https:\/\/www.resand.ee\/rwp\/wp-content\/uploads\/2015\/07\/yhiskondlikud-hooned.jpg\" alt=\"yhiskondlikud-hooned\" width=\"448\" height=\"546\"\/><\/div><div class=\"desc\" ><div class=\"desc_wrap\"><div class=\"desc_img\"><img loading=\"lazy\" decoding=\"async\" class=\"scale-with-grid\" src=\"https:\/\/www.resand.ee\/rwp\/wp-content\/uploads\/2015\/07\/yhiskondlikudl.png\" alt=\"yhiskondlikud hooned\" width=\"95\" height=\"95\"\/><\/div><div class=\"desc_txt\">\u00dchiskondlikud hooned<\/div><\/div><\/div><\/a><\/div>\n[\/vc_column][vc_column width=&#8221;1\/4&#8243;]<div class=\"zoom_box\"><a href=\"http:\/\/buroohooned\/\"  title=\"\"><div class=\"photo\"><img loading=\"lazy\" decoding=\"async\" class=\"scale-with-grid\" src=\"https:\/\/www.resand.ee\/rwp\/wp-content\/uploads\/2015\/07\/byroohoond.jpg\" alt=\"byroohoond\" width=\"448\" height=\"546\"\/><\/div><div class=\"desc\" ><div class=\"desc_wrap\"><div class=\"desc_img\"><img loading=\"lazy\" decoding=\"async\" class=\"scale-with-grid\" src=\"https:\/\/www.resand.ee\/rwp\/wp-content\/uploads\/2015\/07\/b\u00fcroohooned.png\" alt=\"b\u00fcroohooned\" width=\"95\" height=\"95\"\/><\/div><div class=\"desc_txt\">B\u00fcroohooned<\/div><\/div><\/div><\/a><\/div>\n[\/vc_column][vc_column width=&#8221;1\/4&#8243;]<div class=\"zoom_box\"><a href=\"http:\/\/koolid\/\"  title=\"\"><div class=\"photo\"><img loading=\"lazy\" decoding=\"async\" class=\"scale-with-grid\" src=\"https:\/\/www.resand.ee\/rwp\/wp-content\/uploads\/2015\/07\/koolid-1.jpg\" alt=\"koolid\" width=\"448\" height=\"546\"\/><\/div><div class=\"desc\" ><div class=\"desc_wrap\"><div class=\"desc_img\"><img loading=\"lazy\" decoding=\"async\" class=\"scale-with-grid\" src=\"https:\/\/www.resand.ee\/rwp\/wp-content\/uploads\/2015\/07\/koolidl.png\" alt=\"koolid\" width=\"95\" height=\"95\"\/><\/div><div class=\"desc_txt\">Koolid<\/div><\/div><\/div><\/a><\/div>\n[\/vc_column][\/vc_row][vc_row][vc_column][vc_masonry_media_grid grid_id=&#8221;vc_gid:1515595145155-87939c49-6287-9&#8243;][\/vc_column][\/vc_row]<\/p>\n<\/div>","protected":false},"excerpt":{"rendered":"<p>[vc_row full_width=&#8221;stretch_row_content_no_spaces&#8221; css=&#8221;.vc_custom_1470654564539{padding-top: 100px !important;padding-bottom: 100px !important;background-image: url(https:\/\/www.resand.ee\/rwp\/wp-content\/uploads\/2016\/08\/taust-2.jpg?id=175) !important;background-position: 0 0 !important;background-repeat: repeat !important;}&#8221;][vc_column][vc_custom_heading source=&#8221;post_title&#8221; font_container=&#8221;tag:h2|text_align:center|color:%23ffffff&#8221; use_theme_fonts=&#8221;yes&#8221;][\/vc_column][\/vc_row][vc_row][vc_column width=&#8221;1\/2&#8243;][\/vc_column][vc_column width=&#8221;1\/2&#8243;][vc_btn title=&#8221;Tagasi avalehele&#8221; style=&#8221;flat&#8221; shape=&#8221;square&#8221; color=&#8221;danger&#8221; align=&#8221;right&#8221; i_icon_fontawesome=&#8221;fa<span class=\"excerpt-hellip\"> [\u2026]<\/span><\/p>\n","protected":false},"author":1,"featured_media":0,"parent":0,"menu_order":0,"comment_status":"closed","ping_status":"closed","template":"","meta":{"footnotes":""},"class_list":["post-209","page","type-page","status-publish","hentry"],"aioseo_notices":[],"_links":{"self":[{"href":"https:\/\/www.resand.ee\/rwp\/wp-json\/wp\/v2\/pages\/209","targetHints":{"allow":["GET"]}}],"collection":[{"href":"https:\/\/www.resand.ee\/rwp\/wp-json\/wp\/v2\/pages"}],"about":[{"href":"https:\/\/www.resand.ee\/rwp\/wp-json\/wp\/v2\/types\/page"}],"author":[{"embeddable":true,"href":"https:\/\/www.resand.ee\/rwp\/wp-json\/wp\/v2\/users\/1"}],"replies":[{"embeddable":true,"href":"https:\/\/www.resand.ee\/rwp\/wp-json\/wp\/v2\/comments?post=209"}],"version-history":[{"count":5,"href":"https:\/\/www.resand.ee\/rwp\/wp-json\/wp\/v2\/pages\/209\/revisions"}],"predecessor-version":[{"id":1559,"href":"https:\/\/www.resand.ee\/rwp\/wp-json\/wp\/v2\/pages\/209\/revisions\/1559"}],"wp:attachment":[{"href":"https:\/\/www.resand.ee\/rwp\/wp-json\/wp\/v2\/media?parent=209"}],"curies":[{"name":"wp","href":"https:\/\/api.w.org\/{rel}","templated":true}]}}