{"id":211,"date":"2016-08-01T22:21:48","date_gmt":"2016-08-01T19:21:48","guid":{"rendered":"http:\/\/resand.ee.klient.veebimajutus.ee\/?page_id=211"},"modified":"2022-09-16T08:56:51","modified_gmt":"2022-09-16T05:56:51","slug":"eluhooned","status":"publish","type":"page","link":"https:\/\/www.resand.ee\/rwp\/eluhooned\/","title":{"rendered":"Eluhooned"},"content":{"rendered":"<div class=\"wpb-content-wrapper\"><p>[vc_row full_width=&#8221;stretch_row_content_no_spaces&#8221; css=&#8221;.vc_custom_1470080670362{padding-top: 100px !important;padding-bottom: 100px !important;background-image: url(https:\/\/www.resand.ee\/rwp\/wp-content\/uploads\/2016\/08\/taust-2.jpg?id=175) !important;background-position: 0 0 !important;background-repeat: repeat !important;}&#8221;][vc_column][vc_custom_heading source=&#8221;post_title&#8221; font_container=&#8221;tag:h2|text_align:center|color:%23ffffff&#8221; use_theme_fonts=&#8221;yes&#8221;][\/vc_column][\/vc_row][vc_row][vc_column width=&#8221;1\/2&#8243;][\/vc_column][vc_column width=&#8221;1\/2&#8243;][vc_btn title=&#8221;Tagasi avalehele&#8221; style=&#8221;flat&#8221; shape=&#8221;square&#8221; color=&#8221;danger&#8221; align=&#8221;right&#8221; i_icon_fontawesome=&#8221;fa fa-arrow-left&#8221; add_icon=&#8221;true&#8221; link=&#8221;url:http%3A%2F%2Fresand.ee.klient.veebimajutus.ee%2F||&#8221; css=&#8221;.vc_custom_1470654354898{margin-top: -60px !important;margin-right: 17px !important;}&#8221;][\/vc_column][\/vc_row][vc_row][vc_column css=&#8221;.vc_custom_1470081450224{margin-bottom: -35px !important;}&#8221;][vc_tta_tour style=&#8221;flat&#8221; shape=&#8221;square&#8221; gap=&#8221;1&#8243; active_section=&#8221;1&#8243; no_fill_content_area=&#8221;true&#8221;][vc_tta_section title=&#8221;Hedon Spa&#8221; tab_id=&#8221;1&#8243;][vc_column_text]konstruktiivne osa[\/vc_column_text][vc_masonry_media_grid grid_id=&#8221;vc_gid:1663307747531-c3eaee29-769f-3&#8243; include=&#8221;1203,1204,1205,1206,1207,1208,1209,1210,1211&#8243;][vc_column_text]Fotod: Sven Soome[\/vc_column_text][\/vc_tta_section][vc_tta_section title=&#8221;Viljandi erihooldekodu&#8221; tab_id=&#8221;1663307583578-76bf2e46-ee05&#8243;][vc_masonry_media_grid grid_id=&#8221;vc_gid:1663307747530-06a5a9f9-09ca-9&#8243; include=&#8221;2603,2600,2597,2594,2591,2585,2582,2579,2576&#8243;][vc_column_text]Fotod:\u00a0Helis Mahmastol[\/vc_column_text][\/vc_tta_section][vc_tta_section title=&#8221;Erastvere hooldekodu CO2&#8243; tab_id=&#8221;1470080790142-f09dd27b-00b580db-b7ff&#8221;][vc_column_text][\/vc_column_text][vc_masonry_media_grid grid_id=&#8221;vc_gid:1663307747531-864c848b-6ba4-7&#8243; include=&#8221;573,572,571,565,566,567,568,569,570&#8243;][\/vc_tta_section][vc_tta_section title=&#8221;Narva Hooldekodu&#8221; tab_id=&#8221;1470080790231-52b092b7-1f1680db-b7ff&#8221;][vc_masonry_media_grid grid_id=&#8221;vc_gid:1663307747533-c40eba22-71a4-10&#8243; include=&#8221;581,582,580,574,575,576,577,578,579,583,584,585&#8243;][vc_column_text]Fotod: Sven Soome[\/vc_column_text][\/vc_tta_section][vc_tta_section title=&#8221;R\u00e4pina kutsekooli \u00fchiselamu&#8221; tab_id=&#8221;1470080896340-7cbfea5c-3e7080db-b7ff&#8221;][vc_masonry_media_grid grid_id=&#8221;vc_gid:1663307747535-4b753bd3-d35d-6&#8243; include=&#8221;586,587,588,589,590,591&#8243;][vc_column_text]Fotod: Sven Soome[\/vc_column_text][\/vc_tta_section][vc_tta_section title=&#8221;KV\u00dc\u00d5A \u00fchiselamu laiendus&#8221; tab_id=&#8221;1470080897566-a1458635-b4b280db-b7ff&#8221;][vc_masonry_media_grid grid_id=&#8221;vc_gid:1663307747535-1488fb1a-0a37-0&#8243; include=&#8221;597,592,593,594,595,596&#8243;][vc_column_text]Fotod: Sven Soome[\/vc_column_text][\/vc_tta_section][vc_tta_section title=&#8221;Uus-Maleva kortermaja&#8221; tab_id=&#8221;1470080898377-05ee8084-b6a180db-b7ff&#8221;][vc_masonry_media_grid grid_id=&#8221;vc_gid:1663307747536-80707775-3b40-4&#8243; include=&#8221;598,599,600,601,602,603,604,605,606&#8243;][vc_column_text]Fotod: Sven Soome[\/vc_column_text][\/vc_tta_section][vc_tta_section title=&#8221;Kastani kortermajad&#8221; tab_id=&#8221;1470080954088-0b6dc520-244080db-b7ff&#8221;][vc_masonry_media_grid grid_id=&#8221;vc_gid:1663307747536-29c14a57-198a-7&#8243; include=&#8221;607,608,609,610,611,612,613,614,615&#8243;][vc_column_text]Fotod: Sven Soome[\/vc_column_text][\/vc_tta_section][vc_tta_section title=&#8221;\u00dclikooli tn kortermaja&#8221; tab_id=&#8221;1470080954993-89407b8c-721180db-b7ff&#8221;][vc_column_text]konstruktiivne osa[\/vc_column_text][vc_masonry_media_grid grid_id=&#8221;vc_gid:1663307747537-ea58c739-0c19-8&#8243; include=&#8221;616,617,618,619,620,621&#8243;][vc_column_text]Fotod: Sven Soome[\/vc_column_text][\/vc_tta_section][vc_tta_section title=&#8221;Alevi kortermaja&#8221; tab_id=&#8221;1470080956800-d3712c9b-5f1d80db-b7ff&#8221;][vc_column_text]konstruktiivne osa[\/vc_column_text][vc_masonry_media_grid grid_id=&#8221;vc_gid:1663307747538-1356065a-8304-3&#8243; include=&#8221;622,623,624,625,626,627,628,629,630&#8243;][vc_column_text]Fotod: Sven Soome[\/vc_column_text][\/vc_tta_section][vc_tta_section title=&#8221;T\u00dc Raatuse \u00fchiselamu&#8221; tab_id=&#8221;1470081011086-c932b2b8-64dd80db-b7ff&#8221;][vc_column_text]arhitektuur &#8211; Arhitektuuristuudio Siim &amp; Kreis O\u00dc[\/vc_column_text][vc_masonry_media_grid grid_id=&#8221;vc_gid:1663307747538-317a8fa7-54fc-3&#8243; include=&#8221;636,638,637,639,631,632,633,634,635&#8243;][vc_column_text]Fotod: Sven Soome[\/vc_column_text][\/vc_tta_section][vc_tta_section title=&#8221;KV\u00dc\u00d5A \u00fchiselamu&#8221; tab_id=&#8221;1470081011984-8b565c39-b7ea80db-b7ff&#8221;][vc_masonry_media_grid grid_id=&#8221;vc_gid:1663307747538-310f341b-9d0e-10&#8243; include=&#8221;644,645,643,641,640,642&#8243;][vc_column_text]Fotod: Sven Soome[\/vc_column_text][\/vc_tta_section][vc_tta_section title=&#8221;Sadama b\u00fcroo ja eluhoone&#8221; tab_id=&#8221;1471106508204-2bed1ad4-1ddf&#8221;][vc_column_text]konstruktiivne osa[\/vc_column_text][vc_masonry_media_grid grid_id=&#8221;vc_gid:1663307747539-cc0a2c52-c0c7-3&#8243; include=&#8221;646,647,648&#8243;][vc_column_text]Fotod: Sven Soome[\/vc_column_text][\/vc_tta_section][\/vc_tta_tour][\/vc_column][\/vc_row][vc_row full_width=&#8221;stretch_row_content&#8221; equal_height=&#8221;yes&#8221; css=&#8221;.vc_custom_1471423692257{margin-top: 50px !important;margin-bottom: 0px !important;padding-right: 10px !important;}&#8221; el_id=&#8221;referentsid&#8221;][vc_column width=&#8221;1\/4&#8243;]<div class=\"zoom_box\"><a href=\"http:\/\/eluhooned\/\"  title=\"\"><div class=\"photo\"><img loading=\"lazy\" decoding=\"async\" class=\"scale-with-grid\" src=\"https:\/\/www.resand.ee\/rwp\/wp-content\/uploads\/2015\/07\/eluhooned-1.jpg\" alt=\"eluhooned\" width=\"448\" height=\"546\"\/><\/div><div class=\"desc\" ><div class=\"desc_wrap\"><div class=\"desc_img\"><img loading=\"lazy\" decoding=\"async\" class=\"scale-with-grid\" src=\"https:\/\/www.resand.ee\/rwp\/wp-content\/uploads\/2015\/07\/eluhooned-2.png\" alt=\"eluhooned\" width=\"95\" height=\"95\"\/><\/div><div class=\"desc_txt\">Eluhooned<\/div><\/div><\/div><\/a><\/div>\n[\/vc_column][vc_column width=&#8221;1\/4&#8243;]<div class=\"zoom_box\"><a href=\"http:\/\/kaubandus-hooned\/\"  title=\"\"><div class=\"photo\"><img loading=\"lazy\" decoding=\"async\" class=\"scale-with-grid\" src=\"https:\/\/www.resand.ee\/rwp\/wp-content\/uploads\/2015\/07\/kaubandushooned.jpg\" alt=\"kaubandushooned\" width=\"448\" height=\"546\"\/><\/div><div class=\"desc\" ><div class=\"desc_wrap\"><div class=\"desc_img\"><img loading=\"lazy\" decoding=\"async\" class=\"scale-with-grid\" src=\"https:\/\/www.resand.ee\/rwp\/wp-content\/uploads\/2015\/07\/kaubandushooned.png\" alt=\"kaubandushooned\" width=\"95\" height=\"95\"\/><\/div><div class=\"desc_txt\">Kaubandushooned<\/div><\/div><\/div><\/a><\/div>\n[\/vc_column][vc_column width=&#8221;1\/4&#8243;]<div class=\"zoom_box\"><a href=\"http:\/\/lao-ja-tootmishooned\/\"  title=\"\"><div class=\"photo\"><img loading=\"lazy\" decoding=\"async\" class=\"scale-with-grid\" src=\"https:\/\/www.resand.ee\/rwp\/wp-content\/uploads\/2015\/07\/lao-ja-tootmishooned.png\" alt=\"lao-ja-tootmishooned\" width=\"448\" height=\"546\"\/><\/div><div class=\"desc\" ><div class=\"desc_wrap\"><div class=\"desc_img\"><img loading=\"lazy\" decoding=\"async\" class=\"scale-with-grid\" src=\"https:\/\/www.resand.ee\/rwp\/wp-content\/uploads\/2015\/07\/laod-1.png\" alt=\"laod\" width=\"90\" height=\"90\"\/><\/div><div class=\"desc_txt\">Lao- ja tootmishooned<\/div><\/div><\/div><\/a><\/div>\n[\/vc_column][vc_column width=&#8221;1\/4&#8243; css=&#8221;.vc_custom_1470754156220{margin-top: -35px !important;background-position: 0 0 !important;background-repeat: no-repeat !important;}&#8221;]<div class=\"zoom_box\"><div class=\"photo\"><img loading=\"lazy\" decoding=\"async\" class=\"scale-with-grid\" src=\"https:\/\/www.resand.ee\/rwp\/wp-content\/uploads\/2016\/08\/refer.png\" alt=\"refer\" width=\"448\" height=\"546\"\/><\/div><div class=\"desc\" style=\"background-color:rgba(0,155,124,0.8);\"><div class=\"desc_wrap\"><\/div><\/div><\/div>\n[\/vc_column][\/vc_row][vc_row full_width=&#8221;stretch_row_content&#8221; css=&#8221;.vc_custom_1470062115869{padding-right: 10px !important;}&#8221;][vc_column width=&#8221;1\/4&#8243;]<div class=\"zoom_box\"><a href=\"http:\/\/spordirajatised\/\"  title=\"\"><div class=\"photo\"><img loading=\"lazy\" decoding=\"async\" class=\"scale-with-grid\" src=\"https:\/\/www.resand.ee\/rwp\/wp-content\/uploads\/2015\/07\/koolid.jpg\" alt=\"koolid\" width=\"448\" height=\"546\"\/><\/div><div class=\"desc\" ><div class=\"desc_wrap\"><div class=\"desc_img\"><img loading=\"lazy\" decoding=\"async\" class=\"scale-with-grid\" src=\"https:\/\/www.resand.ee\/rwp\/wp-content\/uploads\/2015\/07\/Spordirajatised.png\" alt=\"Spordirajatised\" width=\"95\" height=\"95\"\/><\/div><div class=\"desc_txt\">Spordirajatised<\/div><\/div><\/div><\/a><\/div>\n[\/vc_column][vc_column width=&#8221;1\/4&#8243;]<div class=\"zoom_box\"><a href=\"http:\/\/uhiskondlikud-hooned\/\"  title=\"\"><div class=\"photo\"><img loading=\"lazy\" decoding=\"async\" class=\"scale-with-grid\" src=\"https:\/\/www.resand.ee\/rwp\/wp-content\/uploads\/2015\/07\/yhiskondlikud-hooned.jpg\" alt=\"yhiskondlikud-hooned\" width=\"448\" height=\"546\"\/><\/div><div class=\"desc\" ><div class=\"desc_wrap\"><div class=\"desc_img\"><img loading=\"lazy\" decoding=\"async\" class=\"scale-with-grid\" src=\"https:\/\/www.resand.ee\/rwp\/wp-content\/uploads\/2015\/07\/yhiskondlikudl.png\" alt=\"yhiskondlikud hooned\" width=\"95\" height=\"95\"\/><\/div><div class=\"desc_txt\">\u00dchiskondlikud hooned<\/div><\/div><\/div><\/a><\/div>\n[\/vc_column][vc_column width=&#8221;1\/4&#8243;]<div class=\"zoom_box\"><a href=\"http:\/\/buroohooned\/\"  title=\"\"><div class=\"photo\"><img loading=\"lazy\" decoding=\"async\" class=\"scale-with-grid\" src=\"https:\/\/www.resand.ee\/rwp\/wp-content\/uploads\/2015\/07\/byroohoond.jpg\" alt=\"byroohoond\" width=\"448\" height=\"546\"\/><\/div><div class=\"desc\" ><div class=\"desc_wrap\"><div class=\"desc_img\"><img loading=\"lazy\" decoding=\"async\" class=\"scale-with-grid\" src=\"https:\/\/www.resand.ee\/rwp\/wp-content\/uploads\/2015\/07\/b\u00fcroohooned.png\" alt=\"b\u00fcroohooned\" width=\"95\" height=\"95\"\/><\/div><div class=\"desc_txt\">B\u00fcroohooned<\/div><\/div><\/div><\/a><\/div>\n[\/vc_column][vc_column width=&#8221;1\/4&#8243;]<div class=\"zoom_box\"><a href=\"http:\/\/koolid\/\"  title=\"\"><div class=\"photo\"><img loading=\"lazy\" decoding=\"async\" class=\"scale-with-grid\" src=\"https:\/\/www.resand.ee\/rwp\/wp-content\/uploads\/2015\/07\/koolid-1.jpg\" alt=\"koolid\" width=\"448\" height=\"546\"\/><\/div><div class=\"desc\" ><div class=\"desc_wrap\"><div class=\"desc_img\"><img loading=\"lazy\" decoding=\"async\" class=\"scale-with-grid\" src=\"https:\/\/www.resand.ee\/rwp\/wp-content\/uploads\/2015\/07\/koolidl.png\" alt=\"koolid\" width=\"95\" height=\"95\"\/><\/div><div class=\"desc_txt\">Koolid<\/div><\/div><\/div><\/a><\/div>\n[\/vc_column][\/vc_row]<\/p>\n<\/div>","protected":false},"excerpt":{"rendered":"<p>[vc_row full_width=&#8221;stretch_row_content_no_spaces&#8221; css=&#8221;.vc_custom_1470080670362{padding-top: 100px !important;padding-bottom: 100px !important;background-image: url(https:\/\/www.resand.ee\/rwp\/wp-content\/uploads\/2016\/08\/taust-2.jpg?id=175) !important;background-position: 0 0 !important;background-repeat: repeat !important;}&#8221;][vc_column][vc_custom_heading source=&#8221;post_title&#8221; font_container=&#8221;tag:h2|text_align:center|color:%23ffffff&#8221; use_theme_fonts=&#8221;yes&#8221;][\/vc_column][\/vc_row][vc_row][vc_column width=&#8221;1\/2&#8243;][\/vc_column][vc_column width=&#8221;1\/2&#8243;][vc_btn title=&#8221;Tagasi avalehele&#8221; style=&#8221;flat&#8221; shape=&#8221;square&#8221; color=&#8221;danger&#8221; align=&#8221;right&#8221; i_icon_fontawesome=&#8221;fa<span class=\"excerpt-hellip\"> [\u2026]<\/span><\/p>\n","protected":false},"author":1,"featured_media":0,"parent":0,"menu_order":0,"comment_status":"closed","ping_status":"closed","template":"","meta":{"footnotes":""},"class_list":["post-211","page","type-page","status-publish","hentry"],"aioseo_notices":[],"_links":{"self":[{"href":"https:\/\/www.resand.ee\/rwp\/wp-json\/wp\/v2\/pages\/211","targetHints":{"allow":["GET"]}}],"collection":[{"href":"https:\/\/www.resand.ee\/rwp\/wp-json\/wp\/v2\/pages"}],"about":[{"href":"https:\/\/www.resand.ee\/rwp\/wp-json\/wp\/v2\/types\/page"}],"author":[{"embeddable":true,"href":"https:\/\/www.resand.ee\/rwp\/wp-json\/wp\/v2\/users\/1"}],"replies":[{"embeddable":true,"href":"https:\/\/www.resand.ee\/rwp\/wp-json\/wp\/v2\/comments?post=211"}],"version-history":[{"count":5,"href":"https:\/\/www.resand.ee\/rwp\/wp-json\/wp\/v2\/pages\/211\/revisions"}],"predecessor-version":[{"id":2607,"href":"https:\/\/www.resand.ee\/rwp\/wp-json\/wp\/v2\/pages\/211\/revisions\/2607"}],"wp:attachment":[{"href":"https:\/\/www.resand.ee\/rwp\/wp-json\/wp\/v2\/media?parent=211"}],"curies":[{"name":"wp","href":"https:\/\/api.w.org\/{rel}","templated":true}]}}