{"id":30,"date":"2015-07-31T12:06:59","date_gmt":"2015-07-31T09:06:59","guid":{"rendered":"http:\/\/themes.muffingroup.com\/be\/builder\/?page_id=2"},"modified":"2025-10-21T14:40:52","modified_gmt":"2025-10-21T11:40:52","slug":"avaleht-2","status":"publish","type":"page","link":"https:\/\/www.resand.ee\/rwp\/","title":{"rendered":"Avaleht"},"content":{"rendered":"<div class=\"wpb-content-wrapper\"><p>[vc_row el_id=&#8221;teenused&#8221; css=&#8221;.vc_custom_1661755720028{padding-top: 50px !important;}&#8221;][vc_column width=&#8221;2\/6&#8243;][vc_custom_heading text=&#8221;Teenused&#8221; use_theme_fonts=&#8221;yes&#8221;][vc_empty_space height=&#8221;0px&#8221;][vc_column_text]<\/p>\n<ul class=\"list_check\">\n<li>Projekteerimise peat\u00f6\u00f6v\u00f5tt<\/li>\n<li>Arhitektuurne projekteerimine<\/li>\n<li>Ehituskonstruktsioonide projekteerimine<\/li>\n<li>Veevarustuse ja kanalisatsiooni projekteerimine<\/li>\n<li>K\u00fctte, ventilatsiooni ja jahutuse projekteerimine<\/li>\n<li>Elektrivarustuse projekteerimine<\/li>\n<li>Automaatika projekteerimine<\/li>\n<\/ul>\n<p>[\/vc_column_text][\/vc_column][vc_column width=&#8221;4\/6&#8243;][vc_row_inner css=&#8221;.vc_custom_1470076074869{margin-bottom: 0px !important;}&#8221;][vc_column_inner][vc_custom_heading text=&#8221;T\u00e4htsamad n\u00e4itajad&#8221; use_theme_fonts=&#8221;yes&#8221;][vc_column_text]Projekteerimisb\u00fcroo\u00a0<strong>AS RESAND<\/strong>\u00a0alustas tegevust 1994. aasta jaanuaris.\u00a0Aastatega oleme kogunud teadmisi ja saanud kogemusi. Teeme t\u00f6\u00f6d paindlikult ja efektiivselt, eesm\u00e4rgiga tagada tellija rahulolu.\u00a0Firmas on 10 p\u00f5hikohaga spetsialisti.<\/p>\n<p>AS Resand projektid on kindlustatud kindlustusfirmas\u00a0ERGO Kindlustuse AS.\u00a0Oleme\u00a0<a href=\"http:\/\/www.hot.ee\/epbl\/\">Eesti Ehituskonsultatsiooniettev\u00f5tete Liidu<\/a>\u00a0liige aastast 1997[\/vc_column_text][\/vc_column_inner][\/vc_row_inner][vc_separator style=&#8221;shadow&#8221; border_width=&#8221;3&#8243;][vc_row_inner content_placement=&#8221;top&#8221;][vc_column_inner width=&#8221;1\/3&#8243;]<div class=\"counter counter_vertical animate-math\"><div class=\"desc_wrapper\"><div class=\"number-wrapper\"><span class=\"number\" data-to=\"30\"  >30<\/span><\/div><p class=\"title \">aastat kogemust<\/p><\/div><\/div>\n[\/vc_column_inner][vc_column_inner width=&#8221;1\/3&#8243;]<div class=\"counter counter_vertical animate-math\"><div class=\"desc_wrapper\"><div class=\"number-wrapper\"><span class=\"number\" data-to=\"855\"  >855<\/span><\/div><p class=\"title \">projekti<\/p><\/div><\/div>\n[\/vc_column_inner][vc_column_inner width=&#8221;1\/3&#8243;]<div class=\"counter counter_vertical animate-math\"><div class=\"desc_wrapper\"><div class=\"number-wrapper\"><span class=\"number\" data-to=\"915000\"  >915000<\/span><\/div><p class=\"title \">ruutmeetrit<\/p><\/div><\/div>\n[\/vc_column_inner][\/vc_row_inner][\/vc_column][\/vc_row][vc_row full_width=&#8221;stretch_row_content&#8221; equal_height=&#8221;yes&#8221; css=&#8221;.vc_custom_1761046849943{margin-bottom: 0px !important;padding-right: 10px !important;}&#8221; el_id=&#8221;referentsid&#8221;][vc_column width=&#8221;1\/4&#8243;]<div class=\"zoom_box\"><a href=\"https:\/\/www.resand.ee\/eluhooned\/\"  title=\"\"><div class=\"photo\"><img loading=\"lazy\" decoding=\"async\" class=\"scale-with-grid\" src=\"https:\/\/www.resand.ee\/rwp\/wp-content\/uploads\/2015\/07\/eluhooned-1.jpg\" alt=\"eluhooned\" width=\"448\" height=\"546\"\/><\/div><div class=\"desc\" ><div class=\"desc_wrap\"><div class=\"desc_img\"><img loading=\"lazy\" decoding=\"async\" class=\"scale-with-grid\" src=\"https:\/\/www.resand.ee\/rwp\/wp-content\/uploads\/2015\/07\/eluhooned-2.png\" alt=\"eluhooned\" width=\"95\" height=\"95\"\/><\/div><div class=\"desc_txt\">Eluhooned<\/div><\/div><\/div><\/a><\/div>\n[\/vc_column][vc_column width=&#8221;1\/4&#8243;]<div class=\"zoom_box\"><a href=\"https:\/\/www.resand.ee\/kaubandus-hooned\/\"  title=\"\"><div class=\"photo\"><img loading=\"lazy\" decoding=\"async\" class=\"scale-with-grid\" src=\"https:\/\/www.resand.ee\/rwp\/wp-content\/uploads\/2015\/07\/kaubandushooned.jpg\" alt=\"kaubandushooned\" width=\"448\" height=\"546\"\/><\/div><div class=\"desc\" ><div class=\"desc_wrap\"><div class=\"desc_img\"><img loading=\"lazy\" decoding=\"async\" class=\"scale-with-grid\" src=\"https:\/\/www.resand.ee\/rwp\/wp-content\/uploads\/2015\/07\/kaubandushooned.png\" alt=\"kaubandushooned\" width=\"95\" height=\"95\"\/><\/div><div class=\"desc_txt\">Kaubandushooned<\/div><\/div><\/div><\/a><\/div>\n[\/vc_column][vc_column width=&#8221;1\/4&#8243;]<div class=\"zoom_box\"><a href=\"https:\/\/www.resand.ee\/lao-ja-tootmishooned\/\"  title=\"\"><div class=\"photo\"><img loading=\"lazy\" decoding=\"async\" class=\"scale-with-grid\" src=\"https:\/\/www.resand.ee\/rwp\/wp-content\/uploads\/2015\/07\/lao-ja-tootmishooned.png\" alt=\"lao-ja-tootmishooned\" width=\"448\" height=\"546\"\/><\/div><div class=\"desc\" ><div class=\"desc_wrap\"><div class=\"desc_img\"><img loading=\"lazy\" decoding=\"async\" class=\"scale-with-grid\" src=\"https:\/\/www.resand.ee\/rwp\/wp-content\/uploads\/2015\/07\/laod-1.png\" alt=\"laod\" width=\"90\" height=\"90\"\/><\/div><div class=\"desc_txt\">Lao- ja tootmishooned<\/div><\/div><\/div><\/a><\/div>\n[\/vc_column][vc_column width=&#8221;1\/4&#8243; css=&#8221;.vc_custom_1470754156220{margin-top: -35px !important;background-position: 0 0 !important;background-repeat: no-repeat !important;}&#8221;]<div class=\"zoom_box\"><div class=\"photo\"><img loading=\"lazy\" decoding=\"async\" class=\"scale-with-grid\" src=\"https:\/\/www.resand.ee\/rwp\/wp-content\/uploads\/2016\/08\/refer.png\" alt=\"refer\" width=\"448\" height=\"546\"\/><\/div><div class=\"desc\" style=\"background-color:rgba(0,155,124,0.8);\"><div class=\"desc_wrap\"><\/div><\/div><\/div>\n[\/vc_column][\/vc_row][vc_row full_width=&#8221;stretch_row_content&#8221; css=&#8221;.vc_custom_1470062115869{padding-right: 10px !important;}&#8221;][vc_column width=&#8221;1\/4&#8243;]<div class=\"zoom_box\"><a href=\"https:\/\/www.resand.ee\/spordirajatised\/\"  title=\"\"><div class=\"photo\"><img loading=\"lazy\" decoding=\"async\" class=\"scale-with-grid\" src=\"https:\/\/www.resand.ee\/rwp\/wp-content\/uploads\/2015\/07\/koolid.jpg\" alt=\"koolid\" width=\"448\" height=\"546\"\/><\/div><div class=\"desc\" ><div class=\"desc_wrap\"><div class=\"desc_img\"><img loading=\"lazy\" decoding=\"async\" class=\"scale-with-grid\" src=\"https:\/\/www.resand.ee\/rwp\/wp-content\/uploads\/2015\/07\/Spordirajatised.png\" alt=\"Spordirajatised\" width=\"95\" height=\"95\"\/><\/div><div class=\"desc_txt\">Spordirajatised<\/div><\/div><\/div><\/a><\/div>\n[\/vc_column][vc_column width=&#8221;1\/4&#8243;]<div class=\"zoom_box\"><a href=\"https:\/\/www.resand.ee\/uhiskondlikud-hooned\/\"  title=\"\"><div class=\"photo\"><img loading=\"lazy\" decoding=\"async\" class=\"scale-with-grid\" src=\"https:\/\/www.resand.ee\/rwp\/wp-content\/uploads\/2015\/07\/yhiskondlikud-hooned.jpg\" alt=\"yhiskondlikud-hooned\" width=\"448\" height=\"546\"\/><\/div><div class=\"desc\" ><div class=\"desc_wrap\"><div class=\"desc_img\"><img loading=\"lazy\" decoding=\"async\" class=\"scale-with-grid\" src=\"https:\/\/www.resand.ee\/rwp\/wp-content\/uploads\/2015\/07\/yhiskondlikudl.png\" alt=\"yhiskondlikud hooned\" width=\"95\" height=\"95\"\/><\/div><div class=\"desc_txt\">\u00dchiskondlikud hooned<\/div><\/div><\/div><\/a><\/div>\n[\/vc_column][vc_column width=&#8221;1\/4&#8243;]<div class=\"zoom_box\"><a href=\"https:\/\/www.resand.ee\/buroohooned\/\"  title=\"\"><div class=\"photo\"><img loading=\"lazy\" decoding=\"async\" class=\"scale-with-grid\" src=\"https:\/\/www.resand.ee\/rwp\/wp-content\/uploads\/2015\/07\/byroohoond.jpg\" alt=\"byroohoond\" width=\"448\" height=\"546\"\/><\/div><div class=\"desc\" ><div class=\"desc_wrap\"><div class=\"desc_img\"><img loading=\"lazy\" decoding=\"async\" class=\"scale-with-grid\" src=\"https:\/\/www.resand.ee\/rwp\/wp-content\/uploads\/2015\/07\/b\u00fcroohooned.png\" alt=\"b\u00fcroohooned\" width=\"95\" height=\"95\"\/><\/div><div class=\"desc_txt\">B\u00fcroohooned<\/div><\/div><\/div><\/a><\/div>\n[\/vc_column][vc_column width=&#8221;1\/4&#8243;]<div class=\"zoom_box\"><a href=\"https:\/\/www.resand.ee\/koolid\/\"  title=\"\"><div class=\"photo\"><img loading=\"lazy\" decoding=\"async\" class=\"scale-with-grid\" src=\"https:\/\/www.resand.ee\/rwp\/wp-content\/uploads\/2015\/07\/koolid-1.jpg\" alt=\"koolid\" width=\"448\" height=\"546\"\/><\/div><div class=\"desc\" ><div class=\"desc_wrap\"><div class=\"desc_img\"><img loading=\"lazy\" decoding=\"async\" class=\"scale-with-grid\" src=\"https:\/\/www.resand.ee\/rwp\/wp-content\/uploads\/2015\/07\/koolidl.png\" alt=\"koolid\" width=\"95\" height=\"95\"\/><\/div><div class=\"desc_txt\">Koolid<\/div><\/div><\/div><\/a><\/div>\n[\/vc_column][\/vc_row]<\/p>\n<\/div>","protected":false},"excerpt":{"rendered":"<p>[vc_row el_id=&#8221;teenused&#8221; css=&#8221;.vc_custom_1661755720028{padding-top: 50px !important;}&#8221;][vc_column width=&#8221;2\/6&#8243;][vc_custom_heading text=&#8221;Teenused&#8221; use_theme_fonts=&#8221;yes&#8221;][vc_empty_space height=&#8221;0px&#8221;][vc_column_text] Projekteerimise peat\u00f6\u00f6v\u00f5tt Arhitektuurne projekteerimine Ehituskonstruktsioonide projekteerimine Veevarustuse ja kanalisatsiooni projekteerimine K\u00fctte, ventilatsiooni ja jahutuse projekteerimine Elektrivarustuse projekteerimine<span class=\"excerpt-hellip\"> [\u2026]<\/span><\/p>\n","protected":false},"author":1,"featured_media":0,"parent":0,"menu_order":0,"comment_status":"open","ping_status":"closed","template":"","meta":{"footnotes":""},"class_list":["post-30","page","type-page","status-publish","hentry"],"aioseo_notices":[],"_links":{"self":[{"href":"https:\/\/www.resand.ee\/rwp\/wp-json\/wp\/v2\/pages\/30","targetHints":{"allow":["GET"]}}],"collection":[{"href":"https:\/\/www.resand.ee\/rwp\/wp-json\/wp\/v2\/pages"}],"about":[{"href":"https:\/\/www.resand.ee\/rwp\/wp-json\/wp\/v2\/types\/page"}],"author":[{"embeddable":true,"href":"https:\/\/www.resand.ee\/rwp\/wp-json\/wp\/v2\/users\/1"}],"replies":[{"embeddable":true,"href":"https:\/\/www.resand.ee\/rwp\/wp-json\/wp\/v2\/comments?post=30"}],"version-history":[{"count":5,"href":"https:\/\/www.resand.ee\/rwp\/wp-json\/wp\/v2\/pages\/30\/revisions"}],"predecessor-version":[{"id":2633,"href":"https:\/\/www.resand.ee\/rwp\/wp-json\/wp\/v2\/pages\/30\/revisions\/2633"}],"wp:attachment":[{"href":"https:\/\/www.resand.ee\/rwp\/wp-json\/wp\/v2\/media?parent=30"}],"curies":[{"name":"wp","href":"https:\/\/api.w.org\/{rel}","templated":true}]}}